{"id":1562,"date":"2025-12-25T09:12:30","date_gmt":"2025-12-25T09:12:30","guid":{"rendered":"https:\/\/dmyo.pirireis.edu.tr\/en\/?page_id=1562"},"modified":"2025-12-26T13:54:14","modified_gmt":"2025-12-26T13:54:14","slug":"program-advisory-board","status":"publish","type":"page","link":"https:\/\/dmyo.pirireis.edu.tr\/en\/programs\/hybrid-and-electric-vehicle-technology\/program-advisory-board\/","title":{"rendered":"Program Advisory Board"},"content":{"rendered":"<table style=\"border-collapse: collapse; width: 685pt;\" width=\"913\">\n<tbody>\n<tr style=\"height: 15.75pt;\">\n<td class=\"xl16\" style=\"width: 26pt; height: 15.75pt;\" width=\"35\" height=\"21\"><\/td>\n<td class=\"xl18\" style=\"width: 176pt;\" width=\"234\">Name &amp; Surname<\/td>\n<td class=\"xl18\" style=\"width: 166pt;\" width=\"221\">Title<\/td>\n<td class=\"xl17\" style=\"width: 317pt;\" width=\"423\">Department\/ Program\/ Company Information<\/td>\n<\/tr>\n<tr style=\"height: 15.75pt;\">\n<td class=\"xl16\" style=\"width: 26pt; height: 15.75pt;\" align=\"right\" width=\"35\" height=\"21\">1<\/td>\n<td class=\"xl16\" style=\"width: 176pt;\" width=\"234\">Zeki YA\u015eAR<\/td>\n<td class=\"xl19\">Dr. Lecturer<\/td>\n<td class=\"xl16\" style=\"width: 317pt;\" width=\"423\">Director of Maritime Vocational School<\/td>\n<\/tr>\n<tr style=\"height: 15.75pt;\">\n<td class=\"xl16\" style=\"width: 26pt; height: 15.75pt;\" align=\"right\" width=\"35\" height=\"21\">2<\/td>\n<td class=\"xl16\" style=\"width: 176pt;\" width=\"234\">Emine G\u00dcNDO\u011eDU \u0130\u015e<\/td>\n<td class=\"xl19\">Asst. Prof.<\/td>\n<td class=\"xl16\" style=\"width: 317pt;\" width=\"423\">Deputy Director of Maritime Vocational School<\/td>\n<\/tr>\n<tr style=\"height: 30.0pt;\">\n<td class=\"xl16\" style=\"width: 26pt; height: 30.0pt;\" align=\"right\" width=\"35\" height=\"40\">3<\/td>\n<td class=\"xl20\">Mehbare DO\u011eRUS\u00d6Z<\/td>\n<td class=\"xl19\">Asst. Prof.<\/td>\n<td class=\"xl16\" style=\"width: 317pt;\" width=\"423\">Head of Electrical and Energy Department &#8211; Hybrid and Electric Vehicle Technology Program Coordinator<\/td>\n<\/tr>\n<tr style=\"height: 15.75pt;\">\n<td class=\"xl16\" style=\"width: 26pt; height: 15.75pt;\" align=\"right\" width=\"35\" height=\"21\">4<\/td>\n<td class=\"xl16\" style=\"width: 176pt;\" width=\"234\">M. Taha DEM\u0130RKAN<\/td>\n<td class=\"xl19\">Research Assistant, PhD<\/td>\n<td class=\"xl16\" style=\"width: 317pt;\" width=\"423\">Gebze Technical University \/ Materials Science and Engineering<\/td>\n<\/tr>\n<tr style=\"height: 15.75pt;\">\n<td class=\"xl16\" style=\"width: 26pt; height: 15.75pt;\" align=\"right\" width=\"35\" height=\"21\">5<\/td>\n<td class=\"xl16\" style=\"width: 176pt;\" width=\"234\">Musa KAMACI<\/td>\n<td class=\"xl19\">Prof. Dr.<\/td>\n<td class=\"xl16\" style=\"width: 317pt;\" width=\"423\">Hybrid and Electric Vehicle Technology Program\u00a0Instructor<\/td>\n<\/tr>\n<tr style=\"height: 15.75pt;\">\n<td class=\"xl16\" style=\"width: 26pt; height: 15.75pt;\" align=\"right\" width=\"35\" height=\"21\">6<\/td>\n<td class=\"xl16\" style=\"width: 176pt;\" width=\"234\">Tolunay KAYAARASI<\/td>\n<td class=\"xl19\">Asst. Prof.<\/td>\n<td class=\"xl16\" style=\"width: 317pt;\" width=\"423\">Hybrid and Electric Vehicle Technology Program\u00a0Instructor<\/td>\n<\/tr>\n<tr style=\"height: 15.75pt;\">\n<td class=\"xl16\" style=\"width: 26pt; height: 15.75pt;\" align=\"right\" width=\"35\" height=\"21\">7<\/td>\n<td class=\"xl16\" style=\"width: 176pt;\" width=\"234\">Sefa Merve DURMU\u015eO\u011eLU<\/td>\n<td class=\"xl19\">Lecturer<\/td>\n<td class=\"xl16\" style=\"width: 317pt;\" width=\"423\">Hybrid and Electric Vehicle Technology Program \u00a0Instructor<\/td>\n<\/tr>\n<tr style=\"height: 15.75pt;\">\n<td class=\"xl16\" style=\"width: 26pt; height: 15.75pt;\" align=\"right\" width=\"35\" height=\"21\">8<\/td>\n<td class=\"xl16\" style=\"width: 176pt;\" width=\"234\">Zafer TOPA\u00c7<\/td>\n<td class=\"xl19\">Lecturer<\/td>\n<td class=\"xl16\" style=\"width: 317pt;\" width=\"423\">Hybrid and Electric Vehicle Technology Program \u00a0Instructor<\/td>\n<\/tr>\n<tr style=\"height: 15.75pt;\">\n<td class=\"xl16\" style=\"width: 26pt; height: 15.75pt;\" align=\"right\" width=\"35\" height=\"21\">9<\/td>\n<td class=\"xl16\" style=\"width: 176pt;\" width=\"234\">Ha\u015fim TEK\u0130N<\/td>\n<td class=\"xl19\">Project Coordinator<\/td>\n<td class=\"xl16\" style=\"width: 317pt;\" width=\"423\">4M Energy and Technology Inc.<\/td>\n<\/tr>\n<tr style=\"height: 15.0pt;\">\n<td class=\"xl16\" style=\"width: 26pt; height: 15.0pt;\" align=\"right\" width=\"35\" height=\"20\">10<\/td>\n<td class=\"xl16\" style=\"width: 176pt;\" width=\"234\">\u0130brahim U\u011fur \u015eENG\u00dcN<\/td>\n<td class=\"xl16\" style=\"width: 166pt;\" width=\"221\">Service Engineer<\/td>\n<td class=\"xl16\" style=\"width: 317pt;\" width=\"423\">Kongsberg Maritime \/ PRU Mechatronics Program Graduate<\/td>\n<\/tr>\n<tr style=\"height: 15.0pt;\">\n<td class=\"xl16\" style=\"width: 26pt; height: 15.0pt;\" align=\"right\" width=\"35\" height=\"20\">11<\/td>\n<td class=\"xl16\" style=\"width: 176pt;\" width=\"234\">Fatih Mehmet G\u00d6K\u00c7E<\/td>\n<td class=\"xl16\" style=\"width: 166pt;\" width=\"221\">Active Student<\/td>\n<td class=\"xl16\" style=\"width: 317pt;\" width=\"423\">Hybrid and Electric Vehicle Technology Program<\/td>\n<\/tr>\n<tr style=\"height: 15.0pt;\">\n<td class=\"xl16\" style=\"width: 26pt; height: 15.0pt;\" align=\"right\" width=\"35\" height=\"20\">12<\/td>\n<td class=\"xl16\" style=\"width: 176pt;\" width=\"234\">Mustafa KILI\u00c7<\/td>\n<td class=\"xl16\" style=\"width: 166pt;\" width=\"221\">Co-Founder<\/td>\n<td class=\"xl16\" style=\"width: 317pt;\" width=\"423\">Mekanikel Engineering Inc.<\/td>\n<\/tr>\n<tr style=\"height: 15.0pt;\">\n<td class=\"xl16\" style=\"width: 26pt; height: 15.0pt;\" width=\"35\" height=\"20\"><\/td>\n<td class=\"xl16\" style=\"width: 176pt;\" width=\"234\">Graduated Student<\/td>\n<td class=\"xl16\" style=\"width: 166pt;\" width=\"221\">&#8211;<\/td>\n<td class=\"xl16\" style=\"width: 317pt;\" width=\"423\">No graduates have been produced to date.<\/td>\n<\/tr>\n<\/tbody>\n<\/table>\n","protected":false},"excerpt":{"rendered":"<p>Name &amp; Surname Title Department\/ Program\/ Company Information 1 Zeki YA\u015eAR Dr. Lecturer Director of Maritime Vocational School 2 Emine G\u00dcNDO\u011eDU \u0130\u015e Asst. Prof. Deputy Director of Maritime Vocational School 3 Mehbare DO\u011eRUS\u00d6Z Asst. Prof. Head of Electrical and Energy Department &#8211; Hybrid and Electric Vehicle Technology Program Coordinator 4 M. Taha DEM\u0130RKAN Research Assistant, [&hellip;]<\/p>\n","protected":false},"author":6,"featured_media":0,"parent":1556,"menu_order":0,"comment_status":"closed","ping_status":"closed","template":"page-commissions-and-boards.php","meta":{"_acf_changed":false,"footnotes":""},"class_list":["post-1562","page","type-page","status-publish","hentry"],"acf":[],"_links":{"self":[{"href":"https:\/\/dmyo.pirireis.edu.tr\/en\/wp-json\/wp\/v2\/pages\/1562","targetHints":{"allow":["GET"]}}],"collection":[{"href":"https:\/\/dmyo.pirireis.edu.tr\/en\/wp-json\/wp\/v2\/pages"}],"about":[{"href":"https:\/\/dmyo.pirireis.edu.tr\/en\/wp-json\/wp\/v2\/types\/page"}],"author":[{"embeddable":true,"href":"https:\/\/dmyo.pirireis.edu.tr\/en\/wp-json\/wp\/v2\/users\/6"}],"replies":[{"embeddable":true,"href":"https:\/\/dmyo.pirireis.edu.tr\/en\/wp-json\/wp\/v2\/comments?post=1562"}],"version-history":[{"count":3,"href":"https:\/\/dmyo.pirireis.edu.tr\/en\/wp-json\/wp\/v2\/pages\/1562\/revisions"}],"predecessor-version":[{"id":1584,"href":"https:\/\/dmyo.pirireis.edu.tr\/en\/wp-json\/wp\/v2\/pages\/1562\/revisions\/1584"}],"up":[{"embeddable":true,"href":"https:\/\/dmyo.pirireis.edu.tr\/en\/wp-json\/wp\/v2\/pages\/1556"}],"wp:attachment":[{"href":"https:\/\/dmyo.pirireis.edu.tr\/en\/wp-json\/wp\/v2\/media?parent=1562"}],"curies":[{"name":"wp","href":"https:\/\/api.w.org\/{rel}","templated":true}]}}