{"id":1409,"date":"2025-11-20T12:18:55","date_gmt":"2025-11-20T12:18:55","guid":{"rendered":"https:\/\/dmyo.pirireis.edu.tr\/en\/?page_id=1409"},"modified":"2025-12-19T13:10:16","modified_gmt":"2025-12-19T13:10:16","slug":"maritime-and-port-management-program-advisory-board","status":"publish","type":"page","link":"https:\/\/dmyo.pirireis.edu.tr\/en\/programs\/maritime-and-port-management\/maritime-and-port-management-program-advisory-board\/","title":{"rendered":"Maritime and Port Management Program Advisory Board"},"content":{"rendered":"<table style=\"border-collapse: collapse; width: 649pt;\" width=\"865\">\n<tbody>\n<tr style=\"height: 15.75pt;\">\n<td class=\"xl16\" style=\"width: 16pt; height: 15.75pt;\" width=\"21\" height=\"21\"><\/td>\n<td class=\"xl18\" style=\"width: 116pt;\" width=\"154\">Name &amp; Surname<\/td>\n<td class=\"xl18\" style=\"width: 200pt;\" width=\"267\">Title<\/td>\n<td class=\"xl17\" style=\"width: 317pt;\" width=\"423\">Department\/ Program\/ Company Information<\/td>\n<\/tr>\n<tr style=\"height: 30.0pt;\">\n<td class=\"xl16\" style=\"width: 16pt; height: 30.0pt;\" align=\"right\" width=\"21\" height=\"40\">1<\/td>\n<td class=\"xl16\" style=\"width: 116pt;\" width=\"154\">Zeki YA\u015eAR<\/td>\n<td class=\"xl19\">Dr. Lecturer<\/td>\n<td class=\"xl16\" style=\"width: 317pt;\" width=\"423\">Director of Maritime Vocational School\/Maritime and Port Management Program &#8211; Lecturer<\/td>\n<\/tr>\n<tr style=\"height: 15.75pt;\">\n<td class=\"xl16\" style=\"width: 16pt; height: 15.75pt;\" align=\"right\" width=\"21\" height=\"21\">2<\/td>\n<td class=\"xl16\" style=\"width: 116pt;\" width=\"154\">Emine G\u00dcNDO\u011eDU \u0130\u015e<\/td>\n<td class=\"xl19\">Asst. Prof.<\/td>\n<td class=\"xl16\" style=\"width: 317pt;\" width=\"423\">Vice Director for Academic Affairs of Maritime Vocational School<\/td>\n<\/tr>\n<tr style=\"height: 15.75pt;\">\n<td class=\"xl16\" style=\"width: 16pt; height: 15.75pt;\" align=\"right\" width=\"21\" height=\"21\">3<\/td>\n<td class=\"xl16\" style=\"width: 116pt;\" width=\"154\">Ye\u015fim OCAK<\/td>\n<td class=\"xl19\">Dr. Lecturer<\/td>\n<td class=\"xl16\" style=\"width: 317pt;\" width=\"423\">Maritime and Port Management Program &#8211; Coordinator<\/td>\n<\/tr>\n<tr style=\"height: 15.75pt;\">\n<td class=\"xl16\" style=\"width: 16pt; height: 15.75pt;\" align=\"right\" width=\"21\" height=\"21\">4<\/td>\n<td class=\"xl16\" style=\"width: 116pt;\" width=\"154\">Eyyub KANDEM\u0130R<\/td>\n<td class=\"xl19\">Asst. Prof.<\/td>\n<td class=\"xl16\" style=\"width: 317pt;\" width=\"423\">Maritime and Port Management Program &#8211; Lecturer<\/td>\n<\/tr>\n<tr style=\"height: 30.0pt;\">\n<td class=\"xl16\" style=\"width: 16pt; height: 30.0pt;\" align=\"right\" width=\"21\" height=\"40\">5<\/td>\n<td class=\"xl16\" style=\"width: 116pt;\" width=\"154\">Mehmet ERSAN<\/td>\n<td class=\"xl19\">Lecturer<\/td>\n<td class=\"xl16\" style=\"width: 317pt;\" width=\"423\">Vice Director for Administrative Affairs of Maritime Vocational School\/Maritime and Port Management Program &#8211; Lecturer<\/td>\n<\/tr>\n<tr style=\"height: 15.75pt;\">\n<td class=\"xl16\" style=\"width: 16pt; height: 15.75pt;\" align=\"right\" width=\"21\" height=\"21\">6<\/td>\n<td class=\"xl16\" style=\"width: 116pt;\" width=\"154\">Berkay AKSU<\/td>\n<td class=\"xl19\">Lecturer<\/td>\n<td class=\"xl16\" style=\"width: 317pt;\" width=\"423\">Maritime and Port Management Program &#8211; Lecturer<\/td>\n<\/tr>\n<tr style=\"height: 15.0pt;\">\n<td class=\"xl16\" style=\"width: 16pt; height: 15.0pt;\" align=\"right\" width=\"21\" height=\"20\">7<\/td>\n<td class=\"xl16\" style=\"width: 116pt;\" width=\"154\">Dr. K\u00fcr\u015fat BAL<\/td>\n<td class=\"xl16\" style=\"width: 200pt;\" width=\"267\">Strategic Planning and Facilities Manager<\/td>\n<td class=\"xl16\" style=\"width: 317pt;\" width=\"423\">L\u0130MA\u015e Port Management Inc.<\/td>\n<\/tr>\n<tr style=\"height: 15.0pt;\">\n<td class=\"xl16\" style=\"width: 16pt; height: 15.0pt;\" align=\"right\" width=\"21\" height=\"20\">8<\/td>\n<td class=\"xl16\" style=\"width: 116pt;\" width=\"154\">Dr. Murat AKPINAR<\/td>\n<td class=\"xl16\" style=\"width: 200pt;\" width=\"267\">Chief Engineer<\/td>\n<td class=\"xl16\" style=\"width: 317pt;\" width=\"423\">Directorate General of Coastal Safety<\/td>\n<\/tr>\n<tr style=\"height: 15.0pt;\">\n<td class=\"xl16\" style=\"width: 16pt; height: 15.0pt;\" align=\"right\" width=\"21\" height=\"20\">9<\/td>\n<td class=\"xl16\" style=\"width: 116pt;\" width=\"154\">Bilgin \u0130\u015eLER<\/td>\n<td class=\"xl16\" style=\"width: 200pt;\" width=\"267\">General Manager<\/td>\n<td class=\"xl16\" style=\"width: 317pt;\" width=\"423\">Arkas Holding &#8211; Autoport Terminal Operators S.A.<\/td>\n<\/tr>\n<tr style=\"height: 15.0pt;\">\n<td class=\"xl16\" style=\"width: 16pt; height: 15.0pt;\" align=\"right\" width=\"21\" height=\"20\">10<\/td>\n<td class=\"xl16\" style=\"width: 116pt;\" width=\"154\">Atakan G\u00d6K\u00c7E<\/td>\n<td class=\"xl16\" style=\"width: 200pt;\" width=\"267\">Graduate<\/td>\n<td class=\"xl16\" style=\"width: 317pt;\" width=\"423\">Maritime and Port Management Program<\/td>\n<\/tr>\n<\/tbody>\n<\/table>\n","protected":false},"excerpt":{"rendered":"<p>Name &amp; Surname Title Department\/ Program\/ Company Information 1 Zeki YA\u015eAR Dr. Lecturer Director of Maritime Vocational School\/Maritime and Port Management Program &#8211; Lecturer 2 Emine G\u00dcNDO\u011eDU \u0130\u015e Asst. Prof. Vice Director for Academic Affairs of Maritime Vocational School 3 Ye\u015fim OCAK Dr. Lecturer Maritime and Port Management Program &#8211; Coordinator 4 Eyyub KANDEM\u0130R Asst. [&hellip;]<\/p>\n","protected":false},"author":1,"featured_media":0,"parent":171,"menu_order":0,"comment_status":"closed","ping_status":"closed","template":"page-commissions-and-boards.php","meta":{"_acf_changed":false,"footnotes":""},"class_list":["post-1409","page","type-page","status-publish","hentry"],"acf":[],"_links":{"self":[{"href":"https:\/\/dmyo.pirireis.edu.tr\/en\/wp-json\/wp\/v2\/pages\/1409","targetHints":{"allow":["GET"]}}],"collection":[{"href":"https:\/\/dmyo.pirireis.edu.tr\/en\/wp-json\/wp\/v2\/pages"}],"about":[{"href":"https:\/\/dmyo.pirireis.edu.tr\/en\/wp-json\/wp\/v2\/types\/page"}],"author":[{"embeddable":true,"href":"https:\/\/dmyo.pirireis.edu.tr\/en\/wp-json\/wp\/v2\/users\/1"}],"replies":[{"embeddable":true,"href":"https:\/\/dmyo.pirireis.edu.tr\/en\/wp-json\/wp\/v2\/comments?post=1409"}],"version-history":[{"count":2,"href":"https:\/\/dmyo.pirireis.edu.tr\/en\/wp-json\/wp\/v2\/pages\/1409\/revisions"}],"predecessor-version":[{"id":1531,"href":"https:\/\/dmyo.pirireis.edu.tr\/en\/wp-json\/wp\/v2\/pages\/1409\/revisions\/1531"}],"up":[{"embeddable":true,"href":"https:\/\/dmyo.pirireis.edu.tr\/en\/wp-json\/wp\/v2\/pages\/171"}],"wp:attachment":[{"href":"https:\/\/dmyo.pirireis.edu.tr\/en\/wp-json\/wp\/v2\/media?parent=1409"}],"curies":[{"name":"wp","href":"https:\/\/api.w.org\/{rel}","templated":true}]}}