{"id":1406,"date":"2025-11-20T12:17:41","date_gmt":"2025-11-20T12:17:41","guid":{"rendered":"https:\/\/dmyo.pirireis.edu.tr\/en\/?page_id=1406"},"modified":"2025-12-19T13:33:04","modified_gmt":"2025-12-19T13:33:04","slug":"marine-engineering-operations-program-advisory-board","status":"publish","type":"page","link":"https:\/\/dmyo.pirireis.edu.tr\/en\/programs\/marine-engineering-operations\/marine-engineering-operations-program-advisory-board\/","title":{"rendered":"Marine Engineering Operations Program Advisory Board"},"content":{"rendered":"<table width=\"811\">\n<tbody>\n<tr>\n<td width=\"21\"><\/td>\n<td width=\"202\"><strong>Name &amp; Surname<\/strong><\/td>\n<td width=\"202\"><strong>Title<\/strong><\/td>\n<td width=\"386\"><strong>Department\/ Program\/ Company Information<\/strong><\/td>\n<\/tr>\n<tr>\n<td width=\"21\">1<\/td>\n<td width=\"202\">Zeki YA\u015eAR<\/td>\n<td>Dr. Lecturer<\/td>\n<td width=\"386\">Director of Maritime Vocational School<\/td>\n<\/tr>\n<tr>\n<td width=\"21\">2<\/td>\n<td width=\"202\">Emine G\u00dcNDO\u011eDU \u0130\u015e<\/td>\n<td>Asst. Prof.<\/td>\n<td width=\"386\">Vice Director for Academic Affairs of Maritime Vocational School<\/td>\n<\/tr>\n<tr>\n<td width=\"21\">3<\/td>\n<td width=\"202\">Abdullah K\u00d6KT\u00dcRK<\/td>\n<td>Asst. Prof.<\/td>\n<td width=\"386\">Head of Department of Motor Vehicles and Transportation Technologies<\/td>\n<\/tr>\n<tr>\n<td width=\"21\">4<\/td>\n<td width=\"202\">Servet Sava\u015f SEF\u0130RT\u00dcRK<\/td>\n<td>Lecturer<\/td>\n<td width=\"386\">Marine Engineering Operations Program &#8211; Lecturer<\/td>\n<\/tr>\n<tr>\n<td width=\"21\">5<\/td>\n<td width=\"202\">Onur TANSEL<\/td>\n<td>Lecturer<\/td>\n<td width=\"386\">Marine Engineering Operations Program &#8211; Coordinator<\/td>\n<\/tr>\n<tr>\n<td width=\"21\">6<\/td>\n<td width=\"202\">Zafer AYDIN<\/td>\n<td>Lecturer<\/td>\n<td width=\"386\">Marine Engineering Operations Program &#8211; Lecturer<\/td>\n<\/tr>\n<tr>\n<td width=\"21\">7<\/td>\n<td width=\"202\">Semih G\u00dcRK\u00d6K<\/td>\n<td width=\"202\">Crew Manager<\/td>\n<td width=\"386\">Orontes Shipping Group<\/td>\n<\/tr>\n<tr>\n<td width=\"21\">8<\/td>\n<td width=\"202\">Fatih OKUMU\u015e<\/td>\n<td>Asst. Prof.<\/td>\n<td width=\"386\">Mersin University<\/td>\n<\/tr>\n<tr>\n<td width=\"21\">9<\/td>\n<td width=\"202\">Samet B\u0130\u00c7EN<\/td>\n<td>Asst. Prof.<\/td>\n<td width=\"386\">Istanbul Technical University<\/td>\n<\/tr>\n<tr>\n<td width=\"21\">10<\/td>\n<td width=\"202\">Berna KANBERO\u011eLU<\/td>\n<td width=\"202\">Research Assistant<\/td>\n<td width=\"386\">Y\u0131ld\u0131z Technical University<\/td>\n<\/tr>\n<tr>\n<td width=\"21\">11<\/td>\n<td width=\"202\">Furkan G\u00dcLER<\/td>\n<td width=\"202\">Graduate Student<\/td>\n<td width=\"386\">\u0130nce Shipping Group\/Second Engineer<\/td>\n<\/tr>\n<tr>\n<td width=\"21\">12<\/td>\n<td width=\"202\">Mert TUNCA<\/td>\n<td width=\"202\">Graduate Student<\/td>\n<td width=\"386\">GEM\u0130MO<\/td>\n<\/tr>\n<\/tbody>\n<\/table>\n","protected":false},"excerpt":{"rendered":"<p>Name &amp; Surname Title Department\/ Program\/ Company Information 1 Zeki YA\u015eAR Dr. Lecturer Director of Maritime Vocational School 2 Emine G\u00dcNDO\u011eDU \u0130\u015e Asst. Prof. Vice Director for Academic Affairs of Maritime Vocational School 3 Abdullah K\u00d6KT\u00dcRK Asst. Prof. Head of Department of Motor Vehicles and Transportation Technologies 4 Servet Sava\u015f SEF\u0130RT\u00dcRK Lecturer Marine Engineering Operations [&hellip;]<\/p>\n","protected":false},"author":1,"featured_media":0,"parent":177,"menu_order":0,"comment_status":"closed","ping_status":"closed","template":"page-commissions-and-boards.php","meta":{"_acf_changed":false,"footnotes":""},"class_list":["post-1406","page","type-page","status-publish","hentry"],"acf":[],"_links":{"self":[{"href":"https:\/\/dmyo.pirireis.edu.tr\/en\/wp-json\/wp\/v2\/pages\/1406","targetHints":{"allow":["GET"]}}],"collection":[{"href":"https:\/\/dmyo.pirireis.edu.tr\/en\/wp-json\/wp\/v2\/pages"}],"about":[{"href":"https:\/\/dmyo.pirireis.edu.tr\/en\/wp-json\/wp\/v2\/types\/page"}],"author":[{"embeddable":true,"href":"https:\/\/dmyo.pirireis.edu.tr\/en\/wp-json\/wp\/v2\/users\/1"}],"replies":[{"embeddable":true,"href":"https:\/\/dmyo.pirireis.edu.tr\/en\/wp-json\/wp\/v2\/comments?post=1406"}],"version-history":[{"count":5,"href":"https:\/\/dmyo.pirireis.edu.tr\/en\/wp-json\/wp\/v2\/pages\/1406\/revisions"}],"predecessor-version":[{"id":1541,"href":"https:\/\/dmyo.pirireis.edu.tr\/en\/wp-json\/wp\/v2\/pages\/1406\/revisions\/1541"}],"up":[{"embeddable":true,"href":"https:\/\/dmyo.pirireis.edu.tr\/en\/wp-json\/wp\/v2\/pages\/177"}],"wp:attachment":[{"href":"https:\/\/dmyo.pirireis.edu.tr\/en\/wp-json\/wp\/v2\/media?parent=1406"}],"curies":[{"name":"wp","href":"https:\/\/api.w.org\/{rel}","templated":true}]}}