{"id":1398,"date":"2025-11-20T12:12:07","date_gmt":"2025-11-20T12:12:07","guid":{"rendered":"https:\/\/dmyo.pirireis.edu.tr\/en\/?page_id=1398"},"modified":"2025-12-19T13:30:03","modified_gmt":"2025-12-19T13:30:03","slug":"computer-programming-program-advisory-board","status":"publish","type":"page","link":"https:\/\/dmyo.pirireis.edu.tr\/en\/programs\/computer-programming\/computer-programming-program-advisory-board\/","title":{"rendered":"Computer Programming Program Advisory Board"},"content":{"rendered":"<table width=\"707\">\n<tbody>\n<tr>\n<td width=\"21\"><\/td>\n<td width=\"154\"><strong>Name &amp; Surname<\/strong><\/td>\n<td width=\"146\"><strong>Title<\/strong><\/td>\n<td width=\"386\"><strong>Department\/Program\/Company Information<\/strong><\/td>\n<\/tr>\n<tr>\n<td width=\"21\">1<\/td>\n<td width=\"154\">Zeki YA\u015eAR<\/td>\n<td width=\"146\">Dr. Lecturer<\/td>\n<td width=\"386\">Director of Maritime Vocational School<\/td>\n<\/tr>\n<tr>\n<td width=\"21\">2<\/td>\n<td width=\"154\">Emine G\u00dcNDO\u011eDU \u0130\u015e<\/td>\n<td width=\"146\">Asst. Prof.<\/td>\n<td width=\"386\">Deputy Director of Maritime Vocational School<\/td>\n<\/tr>\n<tr>\n<td width=\"21\">3<\/td>\n<td width=\"154\">Refik Tanju S\u0130RMEN<\/td>\n<td width=\"146\">Asst. Prof.<\/td>\n<td width=\"386\">Head of Computer Technologies Department &#8211; Computer Programming Program Coordinator<\/td>\n<\/tr>\n<tr>\n<td width=\"21\">4<\/td>\n<td width=\"154\">Azime \u00c7ET\u0130NKAYA<\/td>\n<td width=\"146\">Asst. Prof.<\/td>\n<td width=\"386\">Computer Programming Program Instructor<\/td>\n<\/tr>\n<tr>\n<td width=\"21\">5<\/td>\n<td width=\"154\">Erkan AYDIN<\/td>\n<td width=\"146\">Lecturer<\/td>\n<td width=\"386\">Computer Programming Program Instructor<\/td>\n<\/tr>\n<tr>\n<td width=\"21\">6<\/td>\n<td width=\"154\">\u0130brahim SO\u011eUKPINAR<\/td>\n<td width=\"146\">Professor<\/td>\n<td width=\"386\">Hybrid and Electric Vehicle Technology Program Instructor<\/td>\n<\/tr>\n<tr>\n<td width=\"21\">7<\/td>\n<td width=\"154\">Y\u00fccel ATALAY<\/td>\n<td width=\"146\">Chairman of the Board of Directors<\/td>\n<td width=\"386\">Berkin Engineering<\/td>\n<\/tr>\n<tr>\n<td width=\"21\">8<\/td>\n<td width=\"154\">Emrah SARI\u00c7\u0130\u00c7EK<\/td>\n<td width=\"146\">Software Engineer<\/td>\n<td width=\"386\">Securist Computer and Limited Inc.<\/td>\n<\/tr>\n<tr>\n<td width=\"21\">9<\/td>\n<td width=\"154\">Erkan SARIKAYA<\/td>\n<td width=\"146\">General Manager<\/td>\n<td width=\"386\">Gonex Consulting Inc.<\/td>\n<\/tr>\n<tr>\n<td width=\"21\">10<\/td>\n<td width=\"154\">Tuna DURUKAN<\/td>\n<td width=\"146\">Graduate Student<\/td>\n<td width=\"386\">PRU Computer Programming Program<\/td>\n<\/tr>\n<tr>\n<td width=\"21\">11<\/td>\n<td width=\"154\">Servet \u00d6NAY<\/td>\n<td width=\"146\">Active Student<\/td>\n<td width=\"386\">PRU Computer Programming Program<\/td>\n<\/tr>\n<\/tbody>\n<\/table>\n","protected":false},"excerpt":{"rendered":"<p>Name &amp; Surname Title Department\/Program\/Company Information 1 Zeki YA\u015eAR Dr. Lecturer Director of Maritime Vocational School 2 Emine G\u00dcNDO\u011eDU \u0130\u015e Asst. Prof. Deputy Director of Maritime Vocational School 3 Refik Tanju S\u0130RMEN Asst. Prof. Head of Computer Technologies Department &#8211; Computer Programming Program Coordinator 4 Azime \u00c7ET\u0130NKAYA Asst. Prof. Computer Programming Program Instructor 5 Erkan [&hellip;]<\/p>\n","protected":false},"author":1,"featured_media":0,"parent":165,"menu_order":0,"comment_status":"closed","ping_status":"closed","template":"page-commissions-and-boards.php","meta":{"_acf_changed":false,"footnotes":""},"class_list":["post-1398","page","type-page","status-publish","hentry"],"acf":[],"_links":{"self":[{"href":"https:\/\/dmyo.pirireis.edu.tr\/en\/wp-json\/wp\/v2\/pages\/1398","targetHints":{"allow":["GET"]}}],"collection":[{"href":"https:\/\/dmyo.pirireis.edu.tr\/en\/wp-json\/wp\/v2\/pages"}],"about":[{"href":"https:\/\/dmyo.pirireis.edu.tr\/en\/wp-json\/wp\/v2\/types\/page"}],"author":[{"embeddable":true,"href":"https:\/\/dmyo.pirireis.edu.tr\/en\/wp-json\/wp\/v2\/users\/1"}],"replies":[{"embeddable":true,"href":"https:\/\/dmyo.pirireis.edu.tr\/en\/wp-json\/wp\/v2\/comments?post=1398"}],"version-history":[{"count":4,"href":"https:\/\/dmyo.pirireis.edu.tr\/en\/wp-json\/wp\/v2\/pages\/1398\/revisions"}],"predecessor-version":[{"id":1536,"href":"https:\/\/dmyo.pirireis.edu.tr\/en\/wp-json\/wp\/v2\/pages\/1398\/revisions\/1536"}],"up":[{"embeddable":true,"href":"https:\/\/dmyo.pirireis.edu.tr\/en\/wp-json\/wp\/v2\/pages\/165"}],"wp:attachment":[{"href":"https:\/\/dmyo.pirireis.edu.tr\/en\/wp-json\/wp\/v2\/media?parent=1398"}],"curies":[{"name":"wp","href":"https:\/\/api.w.org\/{rel}","templated":true}]}}