{"id":1396,"date":"2025-11-20T11:54:04","date_gmt":"2025-11-20T11:54:04","guid":{"rendered":"https:\/\/dmyo.pirireis.edu.tr\/en\/?page_id=1396"},"modified":"2025-12-19T13:29:26","modified_gmt":"2025-12-19T13:29:26","slug":"culinary-program-advisory-board","status":"publish","type":"page","link":"https:\/\/dmyo.pirireis.edu.tr\/en\/programs\/culinary-program\/culinary-program-advisory-board\/","title":{"rendered":"Culinary Program Advisory Board"},"content":{"rendered":"<table width=\"680\">\n<tbody>\n<tr>\n<td width=\"21\"><\/td>\n<td width=\"172\"><strong>Name &amp; Surname<\/strong><\/td>\n<td width=\"101\"><strong>Title<\/strong><\/td>\n<td width=\"386\"><strong>Department\/Program\/Company Information<\/strong><\/td>\n<\/tr>\n<tr>\n<td width=\"21\">1<\/td>\n<td width=\"172\">Zeki YA\u015eAR<\/td>\n<td width=\"101\">Dr. Lecturer<\/td>\n<td width=\"386\">Director of Maritime Vocational School<\/td>\n<\/tr>\n<tr>\n<td width=\"21\">2<\/td>\n<td width=\"172\">Emine G\u00dcNDO\u011eDU \u0130\u015e<\/td>\n<td width=\"101\">Asst. Prof.<\/td>\n<td width=\"386\">Deputy Director of Maritime Vocational School<\/td>\n<\/tr>\n<tr>\n<td width=\"21\">3<\/td>\n<td width=\"172\">U\u011fur KA\u00c7AN<\/td>\n<td width=\"101\">Asst. Prof.<\/td>\n<td width=\"386\">Head of Hotel, Restaurant, and Catering Services\/Head of Culinary Program<\/td>\n<\/tr>\n<tr>\n<td width=\"21\">4<\/td>\n<td width=\"172\">Ba\u015fak YE\u011e\u0130N<\/td>\n<td width=\"101\">Lecturer<\/td>\n<td width=\"386\">Culinary Program Instructor<\/td>\n<\/tr>\n<tr>\n<td width=\"21\">5<\/td>\n<td width=\"172\">\u0130lkay G\u00d6K<\/td>\n<td width=\"101\">Assoc. Prof.<\/td>\n<td width=\"386\">Okan University\/Head of Gastronomy and Culinary Arts Department<\/td>\n<\/tr>\n<tr>\n<td width=\"21\">6<\/td>\n<td width=\"172\">M\u00fcnevver KAYA<\/td>\n<td width=\"101\">Lecturer<\/td>\n<td width=\"386\">Kent\u00a0University<\/td>\n<\/tr>\n<tr>\n<td width=\"21\">7<\/td>\n<td width=\"172\">K\u00fcbra \u0130NCE<\/td>\n<td width=\"101\">Head Instructor<\/td>\n<td width=\"386\">EKS Culinary Academy<\/td>\n<\/tr>\n<tr>\n<td width=\"21\">8<\/td>\n<td width=\"172\">\u0130rem \u00d6ZCAN<\/td>\n<td width=\"101\">Graduate Student<\/td>\n<td width=\"386\">PRU Culinary Program<\/td>\n<\/tr>\n<tr>\n<td width=\"21\">9<\/td>\n<td width=\"172\">Talha ECEV\u0130T<\/td>\n<td width=\"101\">Active Student<\/td>\n<td width=\"386\">PRU Culinary Program<\/td>\n<\/tr>\n<\/tbody>\n<\/table>\n","protected":false},"excerpt":{"rendered":"<p>Name &amp; Surname Title Department\/Program\/Company Information 1 Zeki YA\u015eAR Dr. Lecturer Director of Maritime Vocational School 2 Emine G\u00dcNDO\u011eDU \u0130\u015e Asst. Prof. Deputy Director of Maritime Vocational School 3 U\u011fur KA\u00c7AN Asst. Prof. Head of Hotel, Restaurant, and Catering Services\/Head of Culinary Program 4 Ba\u015fak YE\u011e\u0130N Lecturer Culinary Program Instructor 5 \u0130lkay G\u00d6K Assoc. Prof. [&hellip;]<\/p>\n","protected":false},"author":1,"featured_media":0,"parent":163,"menu_order":0,"comment_status":"closed","ping_status":"closed","template":"page-commissions-and-boards.php","meta":{"_acf_changed":false,"footnotes":""},"class_list":["post-1396","page","type-page","status-publish","hentry"],"acf":[],"_links":{"self":[{"href":"https:\/\/dmyo.pirireis.edu.tr\/en\/wp-json\/wp\/v2\/pages\/1396","targetHints":{"allow":["GET"]}}],"collection":[{"href":"https:\/\/dmyo.pirireis.edu.tr\/en\/wp-json\/wp\/v2\/pages"}],"about":[{"href":"https:\/\/dmyo.pirireis.edu.tr\/en\/wp-json\/wp\/v2\/types\/page"}],"author":[{"embeddable":true,"href":"https:\/\/dmyo.pirireis.edu.tr\/en\/wp-json\/wp\/v2\/users\/1"}],"replies":[{"embeddable":true,"href":"https:\/\/dmyo.pirireis.edu.tr\/en\/wp-json\/wp\/v2\/comments?post=1396"}],"version-history":[{"count":13,"href":"https:\/\/dmyo.pirireis.edu.tr\/en\/wp-json\/wp\/v2\/pages\/1396\/revisions"}],"predecessor-version":[{"id":1535,"href":"https:\/\/dmyo.pirireis.edu.tr\/en\/wp-json\/wp\/v2\/pages\/1396\/revisions\/1535"}],"up":[{"embeddable":true,"href":"https:\/\/dmyo.pirireis.edu.tr\/en\/wp-json\/wp\/v2\/pages\/163"}],"wp:attachment":[{"href":"https:\/\/dmyo.pirireis.edu.tr\/en\/wp-json\/wp\/v2\/media?parent=1396"}],"curies":[{"name":"wp","href":"https:\/\/api.w.org\/{rel}","templated":true}]}}