{"id":1267,"date":"2025-05-02T11:09:53","date_gmt":"2025-05-02T11:09:53","guid":{"rendered":"https:\/\/dmyo.pirireis.edu.tr\/en\/?page_id=1267"},"modified":"2025-12-19T13:09:46","modified_gmt":"2025-12-19T13:09:46","slug":"advisory-boards","status":"publish","type":"page","link":"https:\/\/dmyo.pirireis.edu.tr\/en\/about-us\/advisory-boards\/","title":{"rendered":"Advisory Boards"},"content":{"rendered":"<table width=\"1250\">\n<tbody>\n<tr>\n<td width=\"390\">Program<\/td>\n<td width=\"293\">Title<\/td>\n<td width=\"196\">Name &amp; Surname<\/td>\n<td width=\"371\">Organisation<\/td>\n<\/tr>\n<tr>\n<td>Marine Brokerage Program &#8211; Advisory\u00a0 Board Member<\/td>\n<td><\/td>\n<td>Bahad\u0131r TONGU\u00c7<\/td>\n<td>Supramar Denizcilik Tic.Tur.Ltd.\u015eti<\/td>\n<\/tr>\n<tr>\n<td>Marine Brokerage Program &#8211; Advisory\u00a0 Board Member<\/td>\n<td>T\u00fcrkiye Representative<\/td>\n<td>\u0130smail \u015eAH\u0130N<\/td>\n<td>Institue of Chartered Shipbrokers (ICS)<\/td>\n<\/tr>\n<tr>\n<td>Marine Brokerage Program &#8211; Advisory\u00a0 Board Member<\/td>\n<td>Board and Training Commission Member<\/td>\n<td>Nevzat Sonay \u00dcLER<\/td>\n<td>Turkish Ship Brokers Association<\/td>\n<\/tr>\n<tr>\n<td>Marina and Yacht Management Program &#8211; Advisory\u00a0 Board Member<\/td>\n<td>Contract Committee Chairman Partner<\/td>\n<td>Noyan MUTLUG\u0130L<\/td>\n<td>TYBA Yachting&amp;Brokers Association, MutluTur Yachting<\/td>\n<\/tr>\n<tr>\n<td>Computer Engineering Program &#8211; Advisory\u00a0 Board Member<\/td>\n<td>Assoc. Dr.<\/td>\n<td>Habil KALKAN<\/td>\n<td>Gebze Technical University<\/td>\n<\/tr>\n<tr>\n<td>Culinary Program &#8211; Advisory\u00a0 Board Member<\/td>\n<td>General Manager<\/td>\n<td>Erdem B\u0130LG\u0130N<\/td>\n<td>Radisson Blu Hotel Tuzla<\/td>\n<\/tr>\n<tr>\n<td>Marine Engineering Operations Program &#8211; Advisory\u00a0 Board Member<\/td>\n<td>Technical Director<\/td>\n<td>Murat BAKAL<\/td>\n<td>K Ships Management<\/td>\n<\/tr>\n<tr>\n<td>Maritime Transportation and Management Program &#8211; Advisory\u00a0 Board Member<\/td>\n<td>Assisstant Personnel Manager<\/td>\n<td>Ali MOLLA\u0130BRAH\u0130MO\u011eLU<\/td>\n<td>Cunda Shipping<\/td>\n<\/tr>\n<tr>\n<td>Logistics Program &#8211; Advisory\u00a0 Board Member<\/td>\n<td>Chairman<\/td>\n<td>Kay\u0131han \u00d6. TURAN<\/td>\n<td>Association of Logistics Service Providers<\/td>\n<\/tr>\n<tr>\n<td>Shipbuilding Program &#8211; Coordinator<\/td>\n<td>Asst. Prof.<\/td>\n<td>B\u00fclent Devrim \u00c7\u0130FT<\/td>\n<td>Piri Reis University<\/td>\n<\/tr>\n<tr>\n<td>Maritime Transportation and Management Program &#8211; Coordinator<\/td>\n<td>Lecturer<\/td>\n<td>Rahim \u00c7ONGULO\u011eLU<\/td>\n<td>Piri Reis University<\/td>\n<\/tr>\n<tr>\n<td>Computer Programming &#8211; Coordinator<\/td>\n<td>Asst. Prof.<\/td>\n<td>Refik Tanju S\u0130RMEN<\/td>\n<td>Piri Reis University<\/td>\n<\/tr>\n<tr>\n<td>Culinary Program &#8211; Coordinator<\/td>\n<td>Asst. Prof.<\/td>\n<td>U\u011fur KA\u00c7AN<\/td>\n<td>Piri Reis University<\/td>\n<\/tr>\n<tr>\n<td>Marina and Yacht Management Program &#8211; Coordinator<\/td>\n<td>Lecturer<\/td>\n<td>Cem AKYOL<\/td>\n<td>Piri Reis University<\/td>\n<\/tr>\n<tr>\n<td>Mechatronics Program &#8211; Coordinator<\/td>\n<td>Lecturer<\/td>\n<td>G\u00fcray G\u00dcNG\u00d6R<\/td>\n<td>Piri Reis University<\/td>\n<\/tr>\n<tr>\n<td>Marine Brokerage Program &#8211; Coordinator<\/td>\n<td>Lecturer<\/td>\n<td>Hatice YILMAZ<\/td>\n<td>Piri Reis University<\/td>\n<\/tr>\n<tr>\n<td>Marine Engineering Operations Program &#8211; Coordinator<\/td>\n<td>Lecturer<\/td>\n<td>Onur TANSEL<\/td>\n<td>Piri Reis University<\/td>\n<\/tr>\n<tr>\n<td>Vice Director for Academic Affairs of Maritime Vocational School<\/td>\n<td>Asst. Prof.<\/td>\n<td>Emine G\u00dcNDO\u011eDU \u0130\u015e<\/td>\n<td>Piri Reis University<\/td>\n<\/tr>\n<tr>\n<td>Vice Director for Administrative Affairs of Maritime Vocational School<\/td>\n<td>Lecturer<\/td>\n<td>Mehmet ERSAN<\/td>\n<td>Piri Reis University<\/td>\n<\/tr>\n<tr>\n<td>Director of Maritime Vocational School<\/td>\n<td>Dr. Lecturer<\/td>\n<td>Zeki YA\u015eAR<\/td>\n<td>Piri Reis University<\/td>\n<\/tr>\n<tr>\n<td>Maritime and Port Management Program &#8211; Coordinator<\/td>\n<td>Dr. Lecturer<\/td>\n<td>Ye\u015fim OCAK<\/td>\n<td>Piri Reis University<\/td>\n<\/tr>\n<tr>\n<td>Head of the Department of Transportation Services<\/td>\n<td>Dr. Lecturer<\/td>\n<td>Atakan AKINCI<\/td>\n<td>Piri Reis University<\/td>\n<\/tr>\n<tr>\n<td>Logistics Program &#8211; Coordinator<\/td>\n<td>Dr. Lecturer<\/td>\n<td>Sevda DEDE<\/td>\n<td>Piri Reis University<\/td>\n<\/tr>\n<tr>\n<td>Underwater Technology Program &#8211; Coordinator<\/td>\n<td>Lecturer<\/td>\n<td>O\u011fuz SARI<\/td>\n<td>Piri Reis University<\/td>\n<\/tr>\n<tr>\n<td>Marine Engineering Operations Program<\/td>\n<td>Graduate<\/td>\n<td>Mert HARMANKAYA<\/td>\n<td>Piri Reis University<\/td>\n<\/tr>\n<tr>\n<td>Marine Engineering Operations Program<\/td>\n<td>Graduate<\/td>\n<td>Zelal BA\u011eCIK<\/td>\n<td>Piri Reis University<\/td>\n<\/tr>\n<tr>\n<td>Maritime Transportation and Management Program<\/td>\n<td>Graduate<\/td>\n<td>Alperen \u00c7\u0130\u00c7EK<\/td>\n<td>Piri Reis University<\/td>\n<\/tr>\n<\/tbody>\n<\/table>\n","protected":false},"excerpt":{"rendered":"<p>Program Title Name &amp; Surname Organisation Marine Brokerage Program &#8211; Advisory\u00a0 Board Member Bahad\u0131r TONGU\u00c7 Supramar Denizcilik Tic.Tur.Ltd.\u015eti Marine Brokerage Program &#8211; Advisory\u00a0 Board Member T\u00fcrkiye Representative \u0130smail \u015eAH\u0130N Institue of Chartered Shipbrokers (ICS) Marine Brokerage Program &#8211; Advisory\u00a0 Board Member Board and Training Commission Member Nevzat Sonay \u00dcLER Turkish Ship Brokers Association Marina and [&hellip;]<\/p>\n","protected":false},"author":1,"featured_media":0,"parent":129,"menu_order":0,"comment_status":"closed","ping_status":"closed","template":"page-commissions-and-boards.php","meta":{"_acf_changed":false,"footnotes":""},"class_list":["post-1267","page","type-page","status-publish","hentry"],"acf":[],"_links":{"self":[{"href":"https:\/\/dmyo.pirireis.edu.tr\/en\/wp-json\/wp\/v2\/pages\/1267","targetHints":{"allow":["GET"]}}],"collection":[{"href":"https:\/\/dmyo.pirireis.edu.tr\/en\/wp-json\/wp\/v2\/pages"}],"about":[{"href":"https:\/\/dmyo.pirireis.edu.tr\/en\/wp-json\/wp\/v2\/types\/page"}],"author":[{"embeddable":true,"href":"https:\/\/dmyo.pirireis.edu.tr\/en\/wp-json\/wp\/v2\/users\/1"}],"replies":[{"embeddable":true,"href":"https:\/\/dmyo.pirireis.edu.tr\/en\/wp-json\/wp\/v2\/comments?post=1267"}],"version-history":[{"count":6,"href":"https:\/\/dmyo.pirireis.edu.tr\/en\/wp-json\/wp\/v2\/pages\/1267\/revisions"}],"predecessor-version":[{"id":1530,"href":"https:\/\/dmyo.pirireis.edu.tr\/en\/wp-json\/wp\/v2\/pages\/1267\/revisions\/1530"}],"up":[{"embeddable":true,"href":"https:\/\/dmyo.pirireis.edu.tr\/en\/wp-json\/wp\/v2\/pages\/129"}],"wp:attachment":[{"href":"https:\/\/dmyo.pirireis.edu.tr\/en\/wp-json\/wp\/v2\/media?parent=1267"}],"curies":[{"name":"wp","href":"https:\/\/api.w.org\/{rel}","templated":true}]}}